{"id":11633,"date":"2026-04-18T21:23:31","date_gmt":"2026-04-18T21:23:31","guid":{"rendered":"https:\/\/mueblesmer.com\/servicio\/?page_id=11633"},"modified":"2026-04-24T15:58:40","modified_gmt":"2026-04-24T15:58:40","slug":"quienes-somos","status":"publish","type":"page","link":"https:\/\/mueblesmer.com\/servicio\/quienes-somos\/","title":{"rendered":"Quienes somos"},"content":{"rendered":"\t\t<div data-elementor-type=\"wp-page\" data-elementor-id=\"11633\" class=\"elementor elementor-11633\">\n\t\t\t\t<div class=\"elementor-element elementor-element-afe398c e-con-full e-flex pxl-row-scroll-none none pxl-bg-color-none pxl-section-overlay-none e-con e-parent \" data-id=\"afe398c\" data-element_type=\"container\" data-e-type=\"container\">\t\t<div class=\"elementor-element elementor-element-b91d758 elementor-widget elementor-widget-pxl_image\" data-id=\"b91d758\" data-element_type=\"widget\" data-e-type=\"widget\" data-widget_type=\"pxl_image.default\">\n\t\t\t\t<div class=\"elementor-widget-container\">\n\t\t\t\t\t<div id=\"pxl_image-b91d758-6876\" class=\"pxl-image-single wow style-default pxl-disable-parallax-sm   \" data-wow-delay=\"ms\"  >\r\n    <div class=\"pxl-item--inner \" data-wow-delay=\"120ms\">\r\n        \r\n                                <div class=\"pxl-item--image \" data-parallax-value=\"\">\r\n                                                     <img fetchpriority=\"high\" decoding=\"async\" width=\"2560\" height=\"770\" src=\"https:\/\/mueblesmer.com\/servicio\/wp-content\/uploads\/2026\/04\/quienes_somos-scaled.jpg\" class=\"no-lazyload attachment-full\" alt=\"\" \/>                                            <\/div>\r\n                            \r\n            <\/div>\r\n<\/div>\t\t\t\t<\/div>\n\t\t\t\t<\/div>\n\t\t\t\t<\/div>\r\n\t\t<div class=\"elementor-element elementor-element-1b25c1a e-flex e-con-boxed pxl-row-scroll-none none pxl-bg-color-none pxl-section-overlay-none e-con e-parent \" data-id=\"1b25c1a\" data-element_type=\"container\" data-e-type=\"container\">\t\t\t<div class=\"e-con-inner\">\r\n\t\t<div class=\"elementor-element elementor-element-acab344 e-con-full e-flex pxl-row-scroll-none none pxl-bg-color-none pxl-section-overlay-none e-con e-child \" data-id=\"acab344\" data-element_type=\"container\" data-e-type=\"container\">\t\t<div class=\"elementor-element elementor-element-56a4a7e elementor-widget elementor-widget-pxl_heading\" data-id=\"56a4a7e\" data-element_type=\"widget\" data-e-type=\"widget\" data-widget_type=\"pxl_heading.default\">\n\t\t\t\t<div class=\"elementor-widget-container\">\n\t\t\t\t\t<div id=\"pxl-pxl_heading-56a4a7e-5780\" class=\"pxl-heading px-bg-style\">\n\t<div class=\"pxl-heading--inner\">\n\t\t\t\t\n\t\t<h3 class=\"pxl-item--title  pxl-split-text split-words-scale \" data-wow-delay=\"ms\">\n\t\t\t\u00bfQui\u00e9nes Somos?\t\t\n\t\t<\/h3>\n\n\t\t\n\t\t\t\t\t<div class=\"px-divider--wrap wow\">\n\t\t\t\t<svg xmlns=\"http:\/\/www.w3.org\/2000\/svg\" width=\"182\" height=\"20\" viewBox=\"0 0 182 20\" fill=\"none\">\n\t\t\t\t\t<path  d=\"M4 16.4268C34.2253 12.3691 64.4506 8.31142 89.6889 6.2211C114.927 4.13079 134.262 4.13079 147.223 4.8916C166.265 6.00935 174.368 8.74178 177.732 8.99538\" stroke=\"#F15F25\" stroke-width=\"7\" stroke-linecap=\"round\"\/>\n\t\t\t\t<\/svg>\n\t\t\t<\/div>\n\t\t\t<\/div>\n<\/div>\t\t\t\t<\/div>\n\t\t\t\t<\/div>\n\t\t\t\t<div class=\"elementor-element elementor-element-018500c elementor-widget elementor-widget-pxl_text_editor\" data-id=\"018500c\" data-element_type=\"widget\" data-e-type=\"widget\" data-widget_type=\"pxl_text_editor.default\">\n\t\t\t\t<div class=\"elementor-widget-container\">\n\t\t\t\t\t<div id=\"pxl_text_editor-018500c-7073\" class=\"pxl-image-wg\" duration=\"1\">\n\t<div class=\"pxl-text-editor\">\n\t\t<div class=\"pxl-item--inner wow PXLfadeInUp\" data-wow-delay=\"ms\">\n\t\t\t<p style=\"text-align: justify\" data-start=\"299\" data-end=\"625\">\u00a0<\/p><p>Somos un taller especializado en restauraci\u00f3n de muebles y tapicer\u00eda con a\u00f1os de experiencia en el sector. Nuestro equipo de artesanos trabaja con pasi\u00f3n y precisi\u00f3n para ofrecer resultados duraderos y est\u00e9ticamente impecables.<\/p><p style=\"text-align: justify\">Nos especializamos en rescatar muebles da\u00f1ados por el tiempo, renovarlos con materiales de primera calidad y adaptarlos a estilos modernos o cl\u00e1sicos seg\u00fan tus necesidades. Cada proyecto es tratado de manera personalizada, garantizando un acabado que supera expectativas.<\/p>\t\t\n\t\t<\/div>\n\t<\/div>\n<\/div>\t\t\t\t<\/div>\n\t\t\t\t<\/div>\n\t\t<div class=\"elementor-element elementor-element-a001205 e-grid e-con-full pxl-row-scroll-none none pxl-bg-color-none pxl-section-overlay-none e-con e-child \" data-id=\"a001205\" data-element_type=\"container\" data-e-type=\"container\">\t\t<\/div>\r\n\t\t\t\t<\/div>\r\n\t\t<div class=\"elementor-element elementor-element-645c2a3 e-con-full e-flex pxl-row-scroll-none none pxl-bg-color-none pxl-section-overlay-none e-con e-child \" data-id=\"645c2a3\" data-element_type=\"container\" data-e-type=\"container\" data-settings=\"{&quot;background_background&quot;:&quot;classic&quot;}\">\t\t<div class=\"elementor-element elementor-element-131e863 elementor-widget elementor-widget-pxl_image\" data-id=\"131e863\" data-element_type=\"widget\" data-e-type=\"widget\" data-widget_type=\"pxl_image.default\">\n\t\t\t\t<div class=\"elementor-widget-container\">\n\t\t\t\t\t<div id=\"pxl_image-131e863-9120\" class=\"pxl-image-single wow style-default pxl-disable-parallax-sm   \" data-wow-delay=\"ms\"  >\r\n    <div class=\"pxl-item--inner \" data-wow-delay=\"120ms\">\r\n        \r\n                                <div class=\"pxl-item--image \" data-parallax-value=\"\">\r\n                                                     <img decoding=\"async\" width=\"500\" height=\"500\" src=\"https:\/\/mueblesmer.com\/servicio\/wp-content\/uploads\/2026\/04\/Rstauracion.png\" class=\"no-lazyload attachment-full\" alt=\"\" \/>                                            <\/div>\r\n                            \r\n            <\/div>\r\n<\/div>\t\t\t\t<\/div>\n\t\t\t\t<\/div>\n\t\t\t\t<\/div>\r\n\t\t\t\t\t<\/div>\r\n\t\t\t\t<\/div>\r\n\t\t<div class=\"elementor-element elementor-element-2ba7f7b e-con-full e-flex pxl-row-scroll-none none pxl-bg-color-none pxl-section-overlay-none e-con e-parent \" data-id=\"2ba7f7b\" data-element_type=\"container\" data-e-type=\"container\">\t\t<div class=\"elementor-element elementor-element-3e103b4 elementor-arrows-position-inside elementor-pagination-position-outside elementor-widget elementor-widget-image-carousel\" data-id=\"3e103b4\" data-element_type=\"widget\" data-e-type=\"widget\" data-settings=\"{&quot;navigation&quot;:&quot;both&quot;,&quot;autoplay&quot;:&quot;yes&quot;,&quot;pause_on_hover&quot;:&quot;yes&quot;,&quot;pause_on_interaction&quot;:&quot;yes&quot;,&quot;autoplay_speed&quot;:5000,&quot;infinite&quot;:&quot;yes&quot;,&quot;speed&quot;:500}\" data-widget_type=\"image-carousel.default\">\n\t\t\t\t\t\t\t<div class=\"elementor-image-carousel-wrapper swiper\" role=\"region\" aria-roledescription=\"carousel\" aria-label=\"Carrusel de im\u00e1genes\" dir=\"ltr\">\n\t\t\t<div class=\"elementor-image-carousel swiper-wrapper\" aria-live=\"off\">\n\t\t\t\t\t\t\t\t<div class=\"swiper-slide\" role=\"group\" aria-roledescription=\"slide\" aria-label=\"1 de 6\"><figure class=\"swiper-slide-inner\"><img decoding=\"async\" class=\"swiper-slide-image\" src=\"https:\/\/mueblesmer.com\/servicio\/wp-content\/uploads\/2026\/04\/WhatsApp-Image-2026-04-24-at-9.52.28-AM4-150x150.jpeg\" alt=\"WhatsApp Image 2026-04-24 at 9.52.28 AM(4)\" \/><\/figure><\/div><div class=\"swiper-slide\" role=\"group\" aria-roledescription=\"slide\" aria-label=\"2 de 6\"><figure class=\"swiper-slide-inner\"><img decoding=\"async\" class=\"swiper-slide-image\" src=\"https:\/\/mueblesmer.com\/servicio\/wp-content\/uploads\/2026\/04\/WhatsApp-Image-2026-04-24-at-9.52.28-AM2-150x150.jpeg\" alt=\"WhatsApp Image 2026-04-24 at 9.52.28 AM(2)\" \/><\/figure><\/div><div class=\"swiper-slide\" role=\"group\" aria-roledescription=\"slide\" aria-label=\"3 de 6\"><figure class=\"swiper-slide-inner\"><img decoding=\"async\" class=\"swiper-slide-image\" src=\"https:\/\/mueblesmer.com\/servicio\/wp-content\/uploads\/2026\/04\/WhatsApp-Image-2026-04-24-at-9.52.28-AM1-150x150.jpeg\" alt=\"WhatsApp Image 2026-04-24 at 9.52.28 AM(1)\" \/><\/figure><\/div><div class=\"swiper-slide\" role=\"group\" aria-roledescription=\"slide\" aria-label=\"4 de 6\"><figure class=\"swiper-slide-inner\"><img decoding=\"async\" class=\"swiper-slide-image\" src=\"https:\/\/mueblesmer.com\/servicio\/wp-content\/uploads\/2026\/04\/WhatsApp-Image-2026-04-24-at-9.52.28-AM-150x150.jpeg\" alt=\"WhatsApp Image 2026-04-24 at 9.52.28 AM\" \/><\/figure><\/div><div class=\"swiper-slide\" role=\"group\" aria-roledescription=\"slide\" aria-label=\"5 de 6\"><figure class=\"swiper-slide-inner\"><img decoding=\"async\" class=\"swiper-slide-image\" src=\"https:\/\/mueblesmer.com\/servicio\/wp-content\/uploads\/2026\/04\/WhatsApp-Image-2026-04-24-at-9.52.27-AM-150x150.jpeg\" alt=\"WhatsApp Image 2026-04-24 at 9.52.27 AM\" \/><\/figure><\/div><div class=\"swiper-slide\" role=\"group\" aria-roledescription=\"slide\" aria-label=\"6 de 6\"><figure class=\"swiper-slide-inner\"><img decoding=\"async\" class=\"swiper-slide-image\" src=\"https:\/\/mueblesmer.com\/servicio\/wp-content\/uploads\/2026\/04\/WhatsApp-Image-2026-04-24-at-9.52.28-AM5-150x150.jpeg\" alt=\"WhatsApp Image 2026-04-24 at 9.52.28 AM(5)\" \/><\/figure><\/div>\t\t\t<\/div>\n\t\t\t\t\t\t\t\t\t\t\t\t<div class=\"elementor-swiper-button elementor-swiper-button-prev\" role=\"button\" tabindex=\"0\">\n\t\t\t\t\t\t<i aria-hidden=\"true\" class=\"eicon-chevron-left\"><\/i>\t\t\t\t\t<\/div>\n\t\t\t\t\t<div class=\"elementor-swiper-button elementor-swiper-button-next\" role=\"button\" tabindex=\"0\">\n\t\t\t\t\t\t<i aria-hidden=\"true\" class=\"eicon-chevron-right\"><\/i>\t\t\t\t\t<\/div>\n\t\t\t\t\n\t\t\t\t\t\t\t\t\t<div class=\"swiper-pagination\"><\/div>\n\t\t\t\t\t\t\t\t\t<\/div>\n\t\t\t\t\t\t<\/div>\n\t\t<div class=\"elementor-element elementor-element-90e295b e-con-full e-flex pxl-row-scroll-none none pxl-bg-color-none pxl-section-overlay-none e-con e-child \" data-id=\"90e295b\" data-element_type=\"container\" data-e-type=\"container\" data-settings=\"{&quot;background_background&quot;:&quot;classic&quot;}\"><div class=\"elementor-element elementor-element-d443954 e-con-full e-flex pxl-row-scroll-none none pxl-bg-color-none pxl-section-overlay-none e-con e-child \" data-id=\"d443954\" data-element_type=\"container\" data-e-type=\"container\"><div class=\"elementor-element elementor-element-cdee233 e-con-full e-flex pxl-row-scroll-none none pxl-bg-color-none pxl-section-overlay-none e-con e-child \" data-id=\"cdee233\" data-element_type=\"container\" data-e-type=\"container\">\t\t<\/div>\r\n\t\t<div class=\"elementor-element elementor-element-f176c16 e-con-full e-flex pxl-row-scroll-none none pxl-bg-color-none pxl-section-overlay-none e-con e-child \" data-id=\"f176c16\" data-element_type=\"container\" data-e-type=\"container\">\t\t<\/div>\r\n\t\t<div class=\"elementor-element elementor-element-35f9243 e-con-full e-flex pxl-row-scroll-none none pxl-bg-color-none pxl-section-overlay-none e-con e-child \" data-id=\"35f9243\" data-element_type=\"container\" data-e-type=\"container\">\t\t<\/div>\r\n\t\t\t\t<\/div>\r\n\t\t\t\t<\/div>\r\n\t\t\t\t<\/div>\r\n\t\t\t\t<\/div>\n\t\t","protected":false},"excerpt":{"rendered":"<p>\u00bfQui\u00e9nes Somos? \u00a0 Somos un taller especializado en restauraci\u00f3n de muebles y tapicer\u00eda con a\u00f1os de experiencia en el sector. Nuestro equipo de artesanos trabaja con pasi\u00f3n y precisi\u00f3n para ofrecer resultados duraderos y est\u00e9ticamente impecables. Nos especializamos en rescatar muebles da\u00f1ados por el tiempo, renovarlos con materiales de primera calidad y adaptarlos a estilos [&hellip;]<\/p>\n","protected":false},"author":1,"featured_media":0,"parent":0,"menu_order":0,"comment_status":"closed","ping_status":"closed","template":"","meta":{"_acf_changed":false,"content-type":"","footnotes":""},"class_list":["post-11633","page","type-page","status-publish","hentry"],"acf":[],"_links":{"self":[{"href":"https:\/\/mueblesmer.com\/servicio\/wp-json\/wp\/v2\/pages\/11633","targetHints":{"allow":["GET"]}}],"collection":[{"href":"https:\/\/mueblesmer.com\/servicio\/wp-json\/wp\/v2\/pages"}],"about":[{"href":"https:\/\/mueblesmer.com\/servicio\/wp-json\/wp\/v2\/types\/page"}],"author":[{"embeddable":true,"href":"https:\/\/mueblesmer.com\/servicio\/wp-json\/wp\/v2\/users\/1"}],"replies":[{"embeddable":true,"href":"https:\/\/mueblesmer.com\/servicio\/wp-json\/wp\/v2\/comments?post=11633"}],"version-history":[{"count":7,"href":"https:\/\/mueblesmer.com\/servicio\/wp-json\/wp\/v2\/pages\/11633\/revisions"}],"predecessor-version":[{"id":11726,"href":"https:\/\/mueblesmer.com\/servicio\/wp-json\/wp\/v2\/pages\/11633\/revisions\/11726"}],"wp:attachment":[{"href":"https:\/\/mueblesmer.com\/servicio\/wp-json\/wp\/v2\/media?parent=11633"}],"curies":[{"name":"wp","href":"https:\/\/api.w.org\/{rel}","templated":true}]}}